{"id":681,"date":"2019-07-30T16:58:29","date_gmt":"2019-07-30T19:58:29","guid":{"rendered":"https:\/\/mueblescantillana.cl\/index.php\/producto\/import-placeholder-for-434\/"},"modified":"2019-07-30T16:58:36","modified_gmt":"2019-07-30T19:58:36","slug":"cuna-multiple-rosita","status":"publish","type":"product","link":"https:\/\/mueblescantillana.cl\/index.php\/producto\/cuna-multiple-rosita\/","title":{"rendered":"Cuna multiple Rosita"},"content":{"rendered":"","protected":false},"excerpt":{"rendered":"<p>Cuna multiple de 1 plaza con nido<\/p>\n<p>Cuna de 1.40&#215;90 y cama DE 1.90X90 interior.<\/p>\n<p>Ambos somier en coigue, ruedas met\u00e1licas con goma<\/p>\n<p>Estructura, barandas y largueros en madera lenga.<\/p>\n<p>Cajones de veladores con terciado y rieles telesc\u00f3picos<\/p>\n<p>Te\u00f1ida color chocolate con blanca<\/p>\n<p>Color de micas a elecci\u00f3n<\/p>\n","protected":false},"featured_media":449,"comment_status":"open","ping_status":"closed","template":"","meta":{"_joinchat":[]},"product_cat":[33],"product_tag":[],"yoast_head":"<!-- This site is optimized with the Yoast SEO plugin v19.14 - https:\/\/yoast.com\/wordpress\/plugins\/seo\/ -->\n<title>Cuna multiple Rosita - Muebles Cantillana<\/title>\n<meta name=\"robots\" content=\"index, follow, max-snippet:-1, max-image-preview:large, max-video-preview:-1\" \/>\n<link rel=\"canonical\" href=\"https:\/\/mueblescantillana.cl\/index.php\/producto\/cuna-multiple-rosita\/\" \/>\n<meta property=\"og:locale\" content=\"es_ES\" \/>\n<meta property=\"og:type\" content=\"article\" \/>\n<meta property=\"og:title\" content=\"Cuna multiple Rosita - Muebles Cantillana\" \/>\n<meta property=\"og:description\" content=\"Cuna multiple de 1 plaza con nido  Cuna de 1.40x90 y cama DE 1.90X90 interior.  Ambos somier en coigue, ruedas met\u00e1licas con goma  Estructura, barandas y largueros en madera lenga.  Cajones de veladores con terciado y rieles telesc\u00f3picos  Te\u00f1ida color chocolate con blanca  Color de micas a elecci\u00f3n\" \/>\n<meta property=\"og:url\" content=\"https:\/\/mueblescantillana.cl\/index.php\/producto\/cuna-multiple-rosita\/\" \/>\n<meta property=\"og:site_name\" content=\"Muebles Cantillana\" \/>\n<meta property=\"article:modified_time\" content=\"2019-07-30T19:58:36+00:00\" \/>\n<meta property=\"og:image\" content=\"https:\/\/mueblescantillana.cl\/wp-content\/uploads\/2019\/02\/cuna-multiple-rosita-890.000.jpg\" \/>\n\t<meta property=\"og:image:width\" content=\"1632\" \/>\n\t<meta property=\"og:image:height\" content=\"1224\" \/>\n\t<meta property=\"og:image:type\" content=\"image\/jpeg\" \/>\n<meta name=\"twitter:card\" content=\"summary_large_image\" \/>\n<script type=\"application\/ld+json\" class=\"yoast-schema-graph\">{\"@context\":\"https:\/\/schema.org\",\"@graph\":[{\"@type\":\"WebPage\",\"@id\":\"https:\/\/mueblescantillana.cl\/index.php\/producto\/cuna-multiple-rosita\/\",\"url\":\"https:\/\/mueblescantillana.cl\/index.php\/producto\/cuna-multiple-rosita\/\",\"name\":\"Cuna multiple Rosita - Muebles Cantillana\",\"isPartOf\":{\"@id\":\"https:\/\/mueblescantillana.cl\/#website\"},\"datePublished\":\"2019-07-30T19:58:29+00:00\",\"dateModified\":\"2019-07-30T19:58:36+00:00\",\"breadcrumb\":{\"@id\":\"https:\/\/mueblescantillana.cl\/index.php\/producto\/cuna-multiple-rosita\/#breadcrumb\"},\"inLanguage\":\"es-CL\",\"potentialAction\":[{\"@type\":\"ReadAction\",\"target\":[\"https:\/\/mueblescantillana.cl\/index.php\/producto\/cuna-multiple-rosita\/\"]}]},{\"@type\":\"BreadcrumbList\",\"@id\":\"https:\/\/mueblescantillana.cl\/index.php\/producto\/cuna-multiple-rosita\/#breadcrumb\",\"itemListElement\":[{\"@type\":\"ListItem\",\"position\":1,\"name\":\"Portada\",\"item\":\"https:\/\/mueblescantillana.cl\/\"},{\"@type\":\"ListItem\",\"position\":2,\"name\":\"Tienda\",\"item\":\"https:\/\/mueblescantillana.cl\/index.php\/tienda\/\"},{\"@type\":\"ListItem\",\"position\":3,\"name\":\"Cuna multiple Rosita\"}]},{\"@type\":\"WebSite\",\"@id\":\"https:\/\/mueblescantillana.cl\/#website\",\"url\":\"https:\/\/mueblescantillana.cl\/\",\"name\":\"Muebles Cantillana\",\"description\":\"Desde 1989\",\"potentialAction\":[{\"@type\":\"SearchAction\",\"target\":{\"@type\":\"EntryPoint\",\"urlTemplate\":\"https:\/\/mueblescantillana.cl\/?s={search_term_string}\"},\"query-input\":\"required name=search_term_string\"}],\"inLanguage\":\"es-CL\"}]}<\/script>\n<!-- \/ Yoast SEO plugin. -->","yoast_head_json":{"title":"Cuna multiple Rosita - Muebles Cantillana","robots":{"index":"index","follow":"follow","max-snippet":"max-snippet:-1","max-image-preview":"max-image-preview:large","max-video-preview":"max-video-preview:-1"},"canonical":"https:\/\/mueblescantillana.cl\/index.php\/producto\/cuna-multiple-rosita\/","og_locale":"es_ES","og_type":"article","og_title":"Cuna multiple Rosita - Muebles Cantillana","og_description":"Cuna multiple de 1 plaza con nido  Cuna de 1.40x90 y cama DE 1.90X90 interior.  Ambos somier en coigue, ruedas met\u00e1licas con goma  Estructura, barandas y largueros en madera lenga.  Cajones de veladores con terciado y rieles telesc\u00f3picos  Te\u00f1ida color chocolate con blanca  Color de micas a elecci\u00f3n","og_url":"https:\/\/mueblescantillana.cl\/index.php\/producto\/cuna-multiple-rosita\/","og_site_name":"Muebles Cantillana","article_modified_time":"2019-07-30T19:58:36+00:00","og_image":[{"width":1632,"height":1224,"url":"https:\/\/mueblescantillana.cl\/wp-content\/uploads\/2019\/02\/cuna-multiple-rosita-890.000.jpg","type":"image\/jpeg"}],"twitter_card":"summary_large_image","schema":{"@context":"https:\/\/schema.org","@graph":[{"@type":"WebPage","@id":"https:\/\/mueblescantillana.cl\/index.php\/producto\/cuna-multiple-rosita\/","url":"https:\/\/mueblescantillana.cl\/index.php\/producto\/cuna-multiple-rosita\/","name":"Cuna multiple Rosita - Muebles Cantillana","isPartOf":{"@id":"https:\/\/mueblescantillana.cl\/#website"},"datePublished":"2019-07-30T19:58:29+00:00","dateModified":"2019-07-30T19:58:36+00:00","breadcrumb":{"@id":"https:\/\/mueblescantillana.cl\/index.php\/producto\/cuna-multiple-rosita\/#breadcrumb"},"inLanguage":"es-CL","potentialAction":[{"@type":"ReadAction","target":["https:\/\/mueblescantillana.cl\/index.php\/producto\/cuna-multiple-rosita\/"]}]},{"@type":"BreadcrumbList","@id":"https:\/\/mueblescantillana.cl\/index.php\/producto\/cuna-multiple-rosita\/#breadcrumb","itemListElement":[{"@type":"ListItem","position":1,"name":"Portada","item":"https:\/\/mueblescantillana.cl\/"},{"@type":"ListItem","position":2,"name":"Tienda","item":"https:\/\/mueblescantillana.cl\/index.php\/tienda\/"},{"@type":"ListItem","position":3,"name":"Cuna multiple Rosita"}]},{"@type":"WebSite","@id":"https:\/\/mueblescantillana.cl\/#website","url":"https:\/\/mueblescantillana.cl\/","name":"Muebles Cantillana","description":"Desde 1989","potentialAction":[{"@type":"SearchAction","target":{"@type":"EntryPoint","urlTemplate":"https:\/\/mueblescantillana.cl\/?s={search_term_string}"},"query-input":"required name=search_term_string"}],"inLanguage":"es-CL"}]}},"_links":{"self":[{"href":"https:\/\/mueblescantillana.cl\/index.php\/wp-json\/wp\/v2\/product\/681"}],"collection":[{"href":"https:\/\/mueblescantillana.cl\/index.php\/wp-json\/wp\/v2\/product"}],"about":[{"href":"https:\/\/mueblescantillana.cl\/index.php\/wp-json\/wp\/v2\/types\/product"}],"replies":[{"embeddable":true,"href":"https:\/\/mueblescantillana.cl\/index.php\/wp-json\/wp\/v2\/comments?post=681"}],"wp:featuredmedia":[{"embeddable":true,"href":"https:\/\/mueblescantillana.cl\/index.php\/wp-json\/wp\/v2\/media\/449"}],"wp:attachment":[{"href":"https:\/\/mueblescantillana.cl\/index.php\/wp-json\/wp\/v2\/media?parent=681"}],"wp:term":[{"taxonomy":"product_cat","embeddable":true,"href":"https:\/\/mueblescantillana.cl\/index.php\/wp-json\/wp\/v2\/product_cat?post=681"},{"taxonomy":"product_tag","embeddable":true,"href":"https:\/\/mueblescantillana.cl\/index.php\/wp-json\/wp\/v2\/product_tag?post=681"}],"curies":[{"name":"wp","href":"https:\/\/api.w.org\/{rel}","templated":true}]}}