{"id":15381,"date":"2024-12-17T12:30:36","date_gmt":"2024-12-17T15:30:36","guid":{"rendered":"https:\/\/mueblescantillana.cl\/?post_type=product&#038;p=15381"},"modified":"2024-12-17T12:30:38","modified_gmt":"2024-12-17T15:30:38","slug":"comoda-esperanza","status":"publish","type":"product","link":"https:\/\/mueblescantillana.cl\/index.php\/producto\/comoda-esperanza\/","title":{"rendered":"C\u00f3moda Esperanza"},"content":{"rendered":"","protected":false},"excerpt":{"rendered":"<p>C\u00f3moda de 1.40x45x90 alt<\/p>\n<p>Estructura en madera lenga, cubierta y tapas de cajones en MDF<\/p>\n<p>Cajones con rieles telesc\u00f3picos.<\/p>\n<p>Tiradores trae cliente<\/p>\n<p>no incluye vidrio superior<\/p>\n","protected":false},"featured_media":15382,"comment_status":"open","ping_status":"closed","template":"","meta":{"_joinchat":[]},"product_cat":[28],"product_tag":[],"yoast_head":"<!-- This site is optimized with the Yoast SEO plugin v19.14 - https:\/\/yoast.com\/wordpress\/plugins\/seo\/ -->\n<title>C\u00f3moda Esperanza - Muebles Cantillana<\/title>\n<meta name=\"robots\" content=\"index, follow, max-snippet:-1, max-image-preview:large, max-video-preview:-1\" \/>\n<link rel=\"canonical\" href=\"https:\/\/mueblescantillana.cl\/index.php\/producto\/comoda-esperanza\/\" \/>\n<meta property=\"og:locale\" content=\"es_ES\" \/>\n<meta property=\"og:type\" content=\"article\" \/>\n<meta property=\"og:title\" content=\"C\u00f3moda Esperanza - Muebles Cantillana\" \/>\n<meta property=\"og:description\" content=\"C\u00f3moda de 1.40x45x90 alt  Estructura en madera lenga, cubierta y tapas de cajones en MDF  Cajones con rieles telesc\u00f3picos.  Tiradores trae cliente  no incluye vidrio superior\" \/>\n<meta property=\"og:url\" content=\"https:\/\/mueblescantillana.cl\/index.php\/producto\/comoda-esperanza\/\" \/>\n<meta property=\"og:site_name\" content=\"Muebles Cantillana\" \/>\n<meta property=\"article:modified_time\" content=\"2024-12-17T15:30:38+00:00\" \/>\n<meta property=\"og:image\" content=\"https:\/\/mueblescantillana.cl\/wp-content\/uploads\/2024\/12\/3ca5cfd9-6a55-4a64-b7a2-f2a1f1fd2d36.jpg\" \/>\n\t<meta property=\"og:image:width\" content=\"958\" \/>\n\t<meta property=\"og:image:height\" content=\"1280\" \/>\n\t<meta property=\"og:image:type\" content=\"image\/jpeg\" \/>\n<meta name=\"twitter:card\" content=\"summary_large_image\" \/>\n<script type=\"application\/ld+json\" class=\"yoast-schema-graph\">{\"@context\":\"https:\/\/schema.org\",\"@graph\":[{\"@type\":\"WebPage\",\"@id\":\"https:\/\/mueblescantillana.cl\/index.php\/producto\/comoda-esperanza\/\",\"url\":\"https:\/\/mueblescantillana.cl\/index.php\/producto\/comoda-esperanza\/\",\"name\":\"C\u00f3moda Esperanza - Muebles Cantillana\",\"isPartOf\":{\"@id\":\"https:\/\/mueblescantillana.cl\/#website\"},\"datePublished\":\"2024-12-17T15:30:36+00:00\",\"dateModified\":\"2024-12-17T15:30:38+00:00\",\"breadcrumb\":{\"@id\":\"https:\/\/mueblescantillana.cl\/index.php\/producto\/comoda-esperanza\/#breadcrumb\"},\"inLanguage\":\"es-CL\",\"potentialAction\":[{\"@type\":\"ReadAction\",\"target\":[\"https:\/\/mueblescantillana.cl\/index.php\/producto\/comoda-esperanza\/\"]}]},{\"@type\":\"BreadcrumbList\",\"@id\":\"https:\/\/mueblescantillana.cl\/index.php\/producto\/comoda-esperanza\/#breadcrumb\",\"itemListElement\":[{\"@type\":\"ListItem\",\"position\":1,\"name\":\"Portada\",\"item\":\"https:\/\/mueblescantillana.cl\/\"},{\"@type\":\"ListItem\",\"position\":2,\"name\":\"Tienda\",\"item\":\"https:\/\/mueblescantillana.cl\/index.php\/tienda\/\"},{\"@type\":\"ListItem\",\"position\":3,\"name\":\"C\u00f3moda Esperanza\"}]},{\"@type\":\"WebSite\",\"@id\":\"https:\/\/mueblescantillana.cl\/#website\",\"url\":\"https:\/\/mueblescantillana.cl\/\",\"name\":\"Muebles Cantillana\",\"description\":\"Desde 1989\",\"potentialAction\":[{\"@type\":\"SearchAction\",\"target\":{\"@type\":\"EntryPoint\",\"urlTemplate\":\"https:\/\/mueblescantillana.cl\/?s={search_term_string}\"},\"query-input\":\"required name=search_term_string\"}],\"inLanguage\":\"es-CL\"}]}<\/script>\n<!-- \/ Yoast SEO plugin. -->","yoast_head_json":{"title":"C\u00f3moda Esperanza - Muebles Cantillana","robots":{"index":"index","follow":"follow","max-snippet":"max-snippet:-1","max-image-preview":"max-image-preview:large","max-video-preview":"max-video-preview:-1"},"canonical":"https:\/\/mueblescantillana.cl\/index.php\/producto\/comoda-esperanza\/","og_locale":"es_ES","og_type":"article","og_title":"C\u00f3moda Esperanza - Muebles Cantillana","og_description":"C\u00f3moda de 1.40x45x90 alt  Estructura en madera lenga, cubierta y tapas de cajones en MDF  Cajones con rieles telesc\u00f3picos.  Tiradores trae cliente  no incluye vidrio superior","og_url":"https:\/\/mueblescantillana.cl\/index.php\/producto\/comoda-esperanza\/","og_site_name":"Muebles Cantillana","article_modified_time":"2024-12-17T15:30:38+00:00","og_image":[{"width":958,"height":1280,"url":"https:\/\/mueblescantillana.cl\/wp-content\/uploads\/2024\/12\/3ca5cfd9-6a55-4a64-b7a2-f2a1f1fd2d36.jpg","type":"image\/jpeg"}],"twitter_card":"summary_large_image","schema":{"@context":"https:\/\/schema.org","@graph":[{"@type":"WebPage","@id":"https:\/\/mueblescantillana.cl\/index.php\/producto\/comoda-esperanza\/","url":"https:\/\/mueblescantillana.cl\/index.php\/producto\/comoda-esperanza\/","name":"C\u00f3moda Esperanza - Muebles Cantillana","isPartOf":{"@id":"https:\/\/mueblescantillana.cl\/#website"},"datePublished":"2024-12-17T15:30:36+00:00","dateModified":"2024-12-17T15:30:38+00:00","breadcrumb":{"@id":"https:\/\/mueblescantillana.cl\/index.php\/producto\/comoda-esperanza\/#breadcrumb"},"inLanguage":"es-CL","potentialAction":[{"@type":"ReadAction","target":["https:\/\/mueblescantillana.cl\/index.php\/producto\/comoda-esperanza\/"]}]},{"@type":"BreadcrumbList","@id":"https:\/\/mueblescantillana.cl\/index.php\/producto\/comoda-esperanza\/#breadcrumb","itemListElement":[{"@type":"ListItem","position":1,"name":"Portada","item":"https:\/\/mueblescantillana.cl\/"},{"@type":"ListItem","position":2,"name":"Tienda","item":"https:\/\/mueblescantillana.cl\/index.php\/tienda\/"},{"@type":"ListItem","position":3,"name":"C\u00f3moda Esperanza"}]},{"@type":"WebSite","@id":"https:\/\/mueblescantillana.cl\/#website","url":"https:\/\/mueblescantillana.cl\/","name":"Muebles Cantillana","description":"Desde 1989","potentialAction":[{"@type":"SearchAction","target":{"@type":"EntryPoint","urlTemplate":"https:\/\/mueblescantillana.cl\/?s={search_term_string}"},"query-input":"required name=search_term_string"}],"inLanguage":"es-CL"}]}},"_links":{"self":[{"href":"https:\/\/mueblescantillana.cl\/index.php\/wp-json\/wp\/v2\/product\/15381"}],"collection":[{"href":"https:\/\/mueblescantillana.cl\/index.php\/wp-json\/wp\/v2\/product"}],"about":[{"href":"https:\/\/mueblescantillana.cl\/index.php\/wp-json\/wp\/v2\/types\/product"}],"replies":[{"embeddable":true,"href":"https:\/\/mueblescantillana.cl\/index.php\/wp-json\/wp\/v2\/comments?post=15381"}],"wp:featuredmedia":[{"embeddable":true,"href":"https:\/\/mueblescantillana.cl\/index.php\/wp-json\/wp\/v2\/media\/15382"}],"wp:attachment":[{"href":"https:\/\/mueblescantillana.cl\/index.php\/wp-json\/wp\/v2\/media?parent=15381"}],"wp:term":[{"taxonomy":"product_cat","embeddable":true,"href":"https:\/\/mueblescantillana.cl\/index.php\/wp-json\/wp\/v2\/product_cat?post=15381"},{"taxonomy":"product_tag","embeddable":true,"href":"https:\/\/mueblescantillana.cl\/index.php\/wp-json\/wp\/v2\/product_tag?post=15381"}],"curies":[{"name":"wp","href":"https:\/\/api.w.org\/{rel}","templated":true}]}}